{"id":1684,"date":"2025-05-17T18:47:25","date_gmt":"2025-05-17T16:47:25","guid":{"rendered":"https:\/\/ozobot.cz\/index.php\/login\/"},"modified":"2026-03-27T12:46:30","modified_gmt":"2026-03-27T11:46:30","slug":"login","status":"publish","type":"page","link":"https:\/\/ozobot.cz\/sk\/login\/","title":{"rendered":"P\u0159ihl\u00e1\u0161en\u00ed"},"content":{"rendered":"<div id=\"wppb-login-wrap\" class=\"wppb-user-forms\">\n\t\t<form name=\"wppb-loginform\" id=\"wppb-loginform\" class action=\"https:\/\/ozobot.cz\/sk\/wp-json\/wp\/v2\/pages\/1684\" method=\"post\" data-trp-original-action=\"https:\/\/ozobot.cz\/sk\/wp-json\/wp\/v2\/pages\/1684\">\n\t\t\t\n\t\t\t<p class=\"wppb-form-field login-username\">\n\t\t\t\t<label for=\"wppb_user_login\">U\u017eivatelsk\u00e9 jm\u00e9no nebo e\u2011mail<\/label>\n\t\t\t\t<input type=\"text\" name=\"log\" id=\"wppb_user_login\" class=\"input\" value size=\"20\">\n\t\t\t<\/p>\n\t\t\t<p class=\"wppb-form-field login-password\">\n\t\t\t\t<label for=\"wppb_user_pass\">Heslo<\/label>\n\t\t\t\t<span class=\"wppb-password-field-container\">\n\t\t\t\t    <input type=\"password\" name=\"pwd\" id=\"wppb_user_pass\" class=\"input\" value size=\"20\">\n\t\t\t\t    \n            <button type=\"button\" class=\"wppb-toggle-pw wppb-show-pw hide-if-no-js\" data-toggle=\"0\" aria-label=\"Show password\" tabindex=\"-1\">\n                <img decoding=\"async\" src=\"https:\/\/ozobot.cz\/wp-content\/plugins\/profile-builder\/\/assets\/images\/eye-outline.svg\" title=\"Show password\" width=\"20px\" height=\"20px\">\n            <\/button> <!-- add the HTML for the visibility toggle -->\n\t\t\t\t<\/span>\n            <\/p>\n\t\t\t\n\t\t\t\n\t\t\t<p class=\"wppb-form-field login-remember\"><input name=\"rememberme\" type=\"checkbox\" id=\"rememberme\" value=\"forever\"><label for=\"rememberme\">Zapamatuj si m\u011b<\/label><\/p>\n\t\t\t<p class=\"login-submit form-submit\">\n\t\t\t\t<input type=\"submit\" name=\"wp-submit\" id=\"wppb-submit\" class=\"button button-primary\" value=\"P\u0159ihl\u00e1sit\">\n\t\t\t\t<input type=\"hidden\" name=\"redirect_to\" value=\"https:\/\/ozobot.cz\/sk\/wp-json\/wp\/v2\/pages\/1684\">\n\t\t\t<\/p>\n\t\t\t<input type=\"hidden\" name=\"wppb_login\" value=\"true\">\n\t\t\t<input type=\"hidden\" name=\"wppb_form_location\" value=\"widget\">\n\t\t\t<input type=\"hidden\" name=\"wppb_request_url\" value=\"https:\/\/ozobot.cz\/sk\/wp-json\/wp\/v2\/pages\/1684\">\n\t\t\t<input type=\"hidden\" name=\"wppb_lostpassword_url\" value=\"https:\/\/ozobot.cz\/index.php\/password-reset\/\">\n\t\t\t<input type=\"hidden\" name=\"wppb_redirect_priority\" value>\n\t\t\t<input type=\"hidden\" name=\"wppb_referer_url\" value>\n\t\t\t<input type=\"hidden\" id=\"CSRFToken-wppb\" name=\"CSRFToken-wppb\" value=\"2ef012e416\"><input type=\"hidden\" name=\"_wp_http_referer\" value=\"\/sk\/wp-json\/wp\/v2\/pages\/1684\">\n\t\t\t<input type=\"hidden\" name=\"wppb_redirect_check\" value=\"true\">\n\t\t\t\n\t\t<input type=\"hidden\" name=\"trp-form-language\" value=\"sk\"><\/form><p class=\"login-register-lost-password\"><a class=\"login-lost-password\" href=\"https:\/\/ozobot.cz\/index.php\/password-reset\/\">Zapomn\u011bl jsi heslo?<\/a><\/p><\/div>\n\n\n\n<div style=\"height:30px\" aria-hidden=\"true\" class=\"wp-block-spacer\"><\/div>\n\n\n\n<p>Pokud jste se je\u0161t\u011b nezaregistrovali, tak nejprve vypl\u0148te <a href=\"https:\/\/ozobot.cz\/index.php\/register\/\" data-type=\"page\" data-id=\"1683\">registra\u010dn\u00ed formul\u00e1\u0159<\/a>.<\/p>\n\n\n\n<div style=\"height:60px\" aria-hidden=\"true\" class=\"wp-block-spacer\"><\/div>","protected":false},"excerpt":{"rendered":"<p>Pokud jste se je\u0161t\u011b nezaregistrovali, tak nejprve vypl\u0148te registra\u010dn\u00ed formul\u00e1\u0159.<\/p>","protected":false},"author":1,"featured_media":836,"parent":0,"menu_order":0,"comment_status":"closed","ping_status":"closed","template":"","meta":{"wp_typography_post_enhancements_disabled":false,"footnotes":""},"categories":[],"tags":[],"class_list":["post-1684","page","type-page","status-publish","has-post-thumbnail","hentry"],"_links":{"self":[{"href":"https:\/\/ozobot.cz\/sk\/wp-json\/wp\/v2\/pages\/1684","targetHints":{"allow":["GET"]}}],"collection":[{"href":"https:\/\/ozobot.cz\/sk\/wp-json\/wp\/v2\/pages"}],"about":[{"href":"https:\/\/ozobot.cz\/sk\/wp-json\/wp\/v2\/types\/page"}],"author":[{"embeddable":true,"href":"https:\/\/ozobot.cz\/sk\/wp-json\/wp\/v2\/users\/1"}],"replies":[{"embeddable":true,"href":"https:\/\/ozobot.cz\/sk\/wp-json\/wp\/v2\/comments?post=1684"}],"version-history":[{"count":5,"href":"https:\/\/ozobot.cz\/sk\/wp-json\/wp\/v2\/pages\/1684\/revisions"}],"predecessor-version":[{"id":2471,"href":"https:\/\/ozobot.cz\/sk\/wp-json\/wp\/v2\/pages\/1684\/revisions\/2471"}],"wp:featuredmedia":[{"embeddable":true,"href":"https:\/\/ozobot.cz\/sk\/wp-json\/wp\/v2\/media\/836"}],"wp:attachment":[{"href":"https:\/\/ozobot.cz\/sk\/wp-json\/wp\/v2\/media?parent=1684"}],"wp:term":[{"taxonomy":"category","embeddable":true,"href":"https:\/\/ozobot.cz\/sk\/wp-json\/wp\/v2\/categories?post=1684"},{"taxonomy":"post_tag","embeddable":true,"href":"https:\/\/ozobot.cz\/sk\/wp-json\/wp\/v2\/tags?post=1684"}],"curies":[{"name":"wp","href":"https:\/\/api.w.org\/{rel}","templated":true}]}}