{"id":1683,"date":"2025-05-17T18:47:25","date_gmt":"2025-05-17T16:47:25","guid":{"rendered":"https:\/\/ozobot.cz\/index.php\/register\/"},"modified":"2025-05-30T09:12:14","modified_gmt":"2025-05-30T07:12:14","slug":"register","status":"publish","type":"page","link":"https:\/\/ozobot.cz\/sk\/register\/","title":{"rendered":"Registrace u\u017eivatele"},"content":{"rendered":"<form enctype=\"multipart\/form-data\" method=\"post\" id=\"wppb-register-user\" class=\"wppb-user-forms wppb-register-user wppb-user-logged-out\" action=\"https:\/\/ozobot.cz\/sk\/wp-json\/wp\/v2\/pages\/1683\" data-trp-original-action=\"https:\/\/ozobot.cz\/sk\/wp-json\/wp\/v2\/pages\/1683\">\n\t\t\t<ul><li class=\"wppb-form-field wppb-default-name-heading\" id=\"wppb-form-element-1\"><h4>U\u017eivatel<\/h4><span class=\"wppb-description-delimiter\"><\/span><\/li><li class=\"wppb-form-field wppb-default-username\" id=\"wppb-form-element-2\">\n\t\t\t<label for=\"username\">Jm\u00e9no pro p\u0159ihl\u00e1\u0161en\u00ed<span class=\"wppb-required\" title=\"This field is required\">*<\/span><\/label>\n\t\t\t<input class=\"text-input default_field_username\" name=\"username\" maxlength=\"70\" type=\"text\" id=\"username\" value><\/li><li class=\"wppb-form-field wppb-textarea\" id=\"wppb-form-element-17\">\n\t\t\t\t<label for=\"uzivatel_titul\">Titul<\/label>\n\t\t\t\t<textarea rows=\"1\" name=\"uzivatel_titul\" maxlength=\"20\" class=\"custom_field_textarea\" id=\"uzivatel_titul\" wrap=\"virtual\"><\/textarea><\/li><li class=\"wppb-form-field wppb-default-first-name\" id=\"wppb-form-element-3\">\n\t\t\t<label for=\"first_name\">Jm\u00e9no<span class=\"wppb-required\" title=\"This field is required\">*<\/span><\/label>\n\t\t\t<input class=\"text-input default_field_firstname\" name=\"first_name\" maxlength=\"70\" type=\"text\" id=\"first_name\" value><\/li><li class=\"wppb-form-field wppb-default-last-name\" id=\"wppb-form-element-4\">\n\t\t\t<label for=\"last_name\">P\u0159\u00edjmen\u00ed<span class=\"wppb-required\" title=\"This field is required\">*<\/span><\/label>\n\t\t\t<input class=\"text-input default_field_lastname\" name=\"last_name\" maxlength=\"70\" type=\"text\" id=\"last_name\" value><\/li><li class=\"wppb-form-field wppb-default-e-mail\" id=\"wppb-form-element-8\">\n\t\t\t<label for=\"email\">E\u2011mail<span class=\"wppb-required\" title=\"This field is required\">*<\/span><\/label>\n\t\t\t<input class=\"text-input default_field_email\" name=\"email\" maxlength=\"70\" type=\"email\" id=\"email\" value><\/li><li class=\"wppb-form-field wppb-select\" id=\"wppb-form-element-16\">\n\t\t\t\t<label for=\"uzivatel_typ\">Typ u\u017eivatele<span class=\"wppb-required\" title=\"This field is required\">*<\/span><\/label>\n\t\t\t\t<select name=\"uzivatel_typ\" id=\"uzivatel_typ\" class=\"custom_field_select\"><option value=\"u\u010ditel\" class=\"custom_field_select_option\">u\u010ditel<\/option><option value=\"rodi\u010d\" class=\"custom_field_select_option\">rodi\u010d<\/option><option value=\"student\" class=\"custom_field_select_option\">student<\/option><option value=\"firma\" class=\"custom_field_select_option\">firma<\/option><option value=\"jin\u00fd\" class=\"custom_field_select_option\" selected>jin\u00fd<\/option>\n\t\t\t\t<\/select><\/li><li class=\"wppb-form-field wppb-default-contact-info-heading\" id=\"wppb-form-element-7\"><h4>\u0160kola\/organizace<\/h4><span class=\"wppb-description-delimiter\"><\/span><\/li><li class=\"wppb-form-field wppb-textarea\" id=\"wppb-form-element-14\">\n\t\t\t\t<label for=\"skola_adresa\">N\u00e1zev a&nbsp;adresa<\/label>\n\t\t\t\t<textarea rows=\"3\" name=\"skola_adresa\" maxlength=\"100\" class=\"custom_field_textarea\" id=\"skola_adresa\" wrap=\"virtual\"><\/textarea><\/li><li class=\"wppb-form-field wppb-textarea\" id=\"wppb-form-element-9\">\n\t\t\t\t<label for=\"skola_ic\">I\u010c\/I\u010cO \u0161koly nebo organizace<\/label>\n\t\t\t\t<textarea rows=\"1\" name=\"skola_ic\" maxlength=\"12\" class=\"custom_field_textarea\" id=\"skola_ic\" wrap=\"virtual\"><\/textarea><\/li><li class=\"wppb-form-field wppb-textarea\" id=\"wppb-form-element-15\">\n\t\t\t\t<label for=\"skola_telefon\">Telefonn\u00ed \u010d\u00edslo<\/label>\n\t\t\t\t<textarea rows=\"1\" name=\"skola_telefon\" maxlength=\"20\" class=\"custom_field_textarea\" id=\"skola_telefon\" wrap=\"virtual\"><\/textarea><\/li><li class=\"wppb-form-field wppb-select\" id=\"wppb-form-element-18\">\n\t\t\t\t<label for=\"newsletter_confirm\">Chcete odeb\u00edrat n\u00e1\u0161 newsletter?<\/label>\n\t\t\t\t<select name=\"newsletter_confirm\" id=\"newsletter_confirm\" class=\"custom_field_select\"><option value=\"ano\" class=\"custom_field_select_option\" selected>ano<\/option><option value=\"ne\" class=\"custom_field_select_option\">ne<\/option>\n\t\t\t\t<\/select><\/li><li class=\"wppb-form-field wppb-default-about-yourself-heading\" id=\"wppb-form-element-10\"><h4>Nastaven\u00ed hesla<\/h4><span class=\"wppb-description-delimiter\"><\/span><\/li><li class=\"wppb-form-field wppb-default-password\" id=\"wppb-form-element-12\"><div class=\"wppb-password-group\">\n\t\t\t\t<div class=\"wppb-password-subfield wppb-new-password-subfield\">\n\t\t\t\t\t<label for=\"passw1\">Heslo<span class=\"wppb-required\" title=\"This field is required\">*<\/span><\/label>\n\t\t            <span class=\"wppb-password-field-container\">\n\t\t\t\t\t    <input class=\"text-input\" name=\"passw1\" maxlength=\"70\" type=\"password\" id=\"passw1\" value autocomplete=\"off\">\n\t\t\t\t\t    \n            <button type=\"button\" class=\"wppb-toggle-pw wppb-show-pw hide-if-no-js\" data-toggle=\"0\" aria-label=\"Show password\" tabindex=\"-1\">\n                <img decoding=\"async\" src=\"https:\/\/ozobot.cz\/wp-content\/plugins\/profile-builder\/\/assets\/images\/eye-outline.svg\" title=\"Show password\" width=\"20px\" height=\"20px\">\n            <\/button> <!-- add the HTML for the visibility toggle -->\n\t\t\t\t\t<\/span>\n\t\t\t\t<\/div><\/div><span class=\"wppb-description-delimiter\">Minim\u00e1ln\u00ed d\u00e9lka 8&nbsp;znak\u016f. <\/span><\/li><li class=\"wppb-form-field wppb-default-repeat-password\" id=\"wppb-form-element-13\">\n\t\t\t<label for=\"passw2\">Heslo znovu<span class=\"wppb-required\" title=\"This field is required\">*<\/span><\/label>\n\t\t\t<span class=\"wppb-password-field-container\">\n\t\t\t    <input class=\"text-input\" name=\"passw2\" maxlength=\"70\" type=\"password\" id=\"passw2\" value autocomplete=\"off\">\n\t\t\t    \n            <button type=\"button\" class=\"wppb-toggle-pw wppb-show-pw hide-if-no-js\" data-toggle=\"0\" aria-label=\"Show password\" tabindex=\"-1\">\n                <img decoding=\"async\" src=\"https:\/\/ozobot.cz\/wp-content\/plugins\/profile-builder\/\/assets\/images\/eye-outline.svg\" title=\"Show password\" width=\"20px\" height=\"20px\">\n            <\/button> <!-- add the HTML for the visibility toggle -->\n\t\t\t<\/span><\/li><\/ul><ul><\/ul>\t\t\t<p class=\"form-submit\">\n\t\t\t\t                \t\t\t\t<input name=\"register\" type=\"submit\" id=\"register\" class=\"submit button\" value=\"Registrovat\">\n                <input name=\"redirect_to\" type=\"hidden\" value>\n                \t\t\t\t<input name=\"action\" type=\"hidden\" id=\"action\" value=\"register\">\n\t\t\t\t<input name=\"form_name\" type=\"hidden\" id=\"form_name\" value=\"unspecified\">\n\t\t\t\t<input name=\"form_id\" type=\"hidden\" id=\"form_id\" value>\n\t\t\t\t\t\t\t<\/p><!-- .form-submit -->\n\t\t\t<input type=\"hidden\" id=\"register_unspecified_nonce_field\" name=\"register_unspecified_nonce_field\" value=\"0d98e56ccf\"><input type=\"hidden\" name=\"_wp_http_referer\" value=\"\/sk\/wp-json\/wp\/v2\/pages\/1683\">\t\t<input type=\"hidden\" name=\"trp-form-language\" value=\"sk\"><\/form>\n\t\t\n\n\n\n<div style=\"height:60px\" aria-hidden=\"true\" class=\"wp-block-spacer\"><\/div>","protected":false},"excerpt":{"rendered":"","protected":false},"author":1,"featured_media":836,"parent":0,"menu_order":0,"comment_status":"closed","ping_status":"closed","template":"","meta":{"wp_typography_post_enhancements_disabled":false,"footnotes":""},"categories":[],"tags":[],"class_list":["post-1683","page","type-page","status-publish","has-post-thumbnail","hentry"],"_links":{"self":[{"href":"https:\/\/ozobot.cz\/sk\/wp-json\/wp\/v2\/pages\/1683","targetHints":{"allow":["GET"]}}],"collection":[{"href":"https:\/\/ozobot.cz\/sk\/wp-json\/wp\/v2\/pages"}],"about":[{"href":"https:\/\/ozobot.cz\/sk\/wp-json\/wp\/v2\/types\/page"}],"author":[{"embeddable":true,"href":"https:\/\/ozobot.cz\/sk\/wp-json\/wp\/v2\/users\/1"}],"replies":[{"embeddable":true,"href":"https:\/\/ozobot.cz\/sk\/wp-json\/wp\/v2\/comments?post=1683"}],"version-history":[{"count":3,"href":"https:\/\/ozobot.cz\/sk\/wp-json\/wp\/v2\/pages\/1683\/revisions"}],"predecessor-version":[{"id":1741,"href":"https:\/\/ozobot.cz\/sk\/wp-json\/wp\/v2\/pages\/1683\/revisions\/1741"}],"wp:featuredmedia":[{"embeddable":true,"href":"https:\/\/ozobot.cz\/sk\/wp-json\/wp\/v2\/media\/836"}],"wp:attachment":[{"href":"https:\/\/ozobot.cz\/sk\/wp-json\/wp\/v2\/media?parent=1683"}],"wp:term":[{"taxonomy":"category","embeddable":true,"href":"https:\/\/ozobot.cz\/sk\/wp-json\/wp\/v2\/categories?post=1683"},{"taxonomy":"post_tag","embeddable":true,"href":"https:\/\/ozobot.cz\/sk\/wp-json\/wp\/v2\/tags?post=1683"}],"curies":[{"name":"wp","href":"https:\/\/api.w.org\/{rel}","templated":true}]}}