{"id":15,"date":"2024-08-05T11:39:35","date_gmt":"2024-08-05T09:39:35","guid":{"rendered":"https:\/\/ozobot.cz\/?page_id=15"},"modified":"2025-09-19T10:33:36","modified_gmt":"2025-09-19T08:33:36","slug":"ozobotlab","status":"publish","type":"page","link":"https:\/\/ozobot.cz\/sk\/ozobotlab\/","title":{"rendered":"OzoLab"},"content":{"rendered":"<p style=\"font-size:clamp(0.984rem, 0.984rem + ((1vw - 0.2rem) * 0.938), 1.5rem);\">Podpo\u0159te svou v\u00fduku zaj\u00edmav\u00fdmi projekty a&nbsp;rafinovan\u00fdmi \u00fakoly, kter\u00e9 mohou d\u011bti s&nbsp;robotem plnit. P\u0159ihl\u00e1\u0161en\u00fdm u\u017eivatel\u016fm jsou k&nbsp;dispozici ucelen\u00e9 bro\u017eury, pracovn\u00ed listy nebo t\u0159eba 3D printy. V\u0161em u\u017eivatel\u016fm tedy doporu\u010dujeme se <a href=\"https:\/\/ozobot.cz\/index.php\/register\/\" data-type=\"page\" data-id=\"1683\">zaregistrovat<\/a>.<\/p>\n\n\n\n<div style=\"height:30px\" aria-hidden=\"true\" class=\"wp-block-spacer\"><\/div>\n\n\n\n<div class=\"wp-block-group has-tertiary-background-color has-background has-global-padding is-layout-constrained wp-container-core-group-is-layout-80fb368b wp-block-group-is-layout-constrained\" style=\"border-radius:16px;padding-top:var(--wp--preset--spacing--30);padding-right:var(--wp--preset--spacing--30);padding-bottom:var(--wp--preset--spacing--30);padding-left:var(--wp--preset--spacing--30)\"><div id=\"wppb-login-wrap\" class=\"wppb-user-forms\">\n\t\t<form name=\"wppb-loginform\" id=\"wppb-loginform\" class action=\"https:\/\/ozobot.cz\/sk\/wp-json\/wp\/v2\/pages\/15\" method=\"post\" data-trp-original-action=\"https:\/\/ozobot.cz\/sk\/wp-json\/wp\/v2\/pages\/15\">\n\t\t\t\n\t\t\t<p class=\"wppb-form-field login-username\">\n\t\t\t\t<label for=\"wppb_user_login\">U\u017eivatelsk\u00e9 jm\u00e9no nebo e\u2011mail<\/label>\n\t\t\t\t<input type=\"text\" name=\"log\" id=\"wppb_user_login\" class=\"input\" value size=\"20\">\n\t\t\t<\/p>\n\t\t\t<p class=\"wppb-form-field login-password\">\n\t\t\t\t<label for=\"wppb_user_pass\">Heslo<\/label>\n\t\t\t\t<span class=\"wppb-password-field-container\">\n\t\t\t\t    <input type=\"password\" name=\"pwd\" id=\"wppb_user_pass\" class=\"input\" value size=\"20\">\n\t\t\t\t    \n            <button type=\"button\" class=\"wppb-toggle-pw wppb-show-pw hide-if-no-js\" data-toggle=\"0\" aria-label=\"Show password\" tabindex=\"-1\">\n                <img decoding=\"async\" src=\"https:\/\/ozobot.cz\/wp-content\/plugins\/profile-builder\/\/assets\/images\/eye-outline.svg\" title=\"Show password\" width=\"20px\" height=\"20px\">\n            <\/button> <!-- add the HTML for the visibility toggle -->\n\t\t\t\t<\/span>\n            <\/p>\n\t\t\t\n\t\t\t\n\t\t\t<p class=\"wppb-form-field login-remember\"><input name=\"rememberme\" type=\"checkbox\" id=\"rememberme\" value=\"forever\"><label for=\"rememberme\">Zapamatuj si m\u011b<\/label><\/p>\n\t\t\t<p class=\"login-submit form-submit\">\n\t\t\t\t<input type=\"submit\" name=\"wp-submit\" id=\"wppb-submit\" class=\"button button-primary\" value=\"P\u0159ihl\u00e1sit\">\n\t\t\t\t<input type=\"hidden\" name=\"redirect_to\" value=\"https:\/\/ozobot.cz\/sk\/wp-json\/wp\/v2\/pages\/15\">\n\t\t\t<\/p>\n\t\t\t<input type=\"hidden\" name=\"wppb_login\" value=\"true\">\n\t\t\t<input type=\"hidden\" name=\"wppb_form_location\" value=\"widget\">\n\t\t\t<input type=\"hidden\" name=\"wppb_request_url\" value=\"https:\/\/ozobot.cz\/sk\/wp-json\/wp\/v2\/pages\/15\">\n\t\t\t<input type=\"hidden\" name=\"wppb_lostpassword_url\" value=\"https:\/\/ozobot.cz\/index.php\/password-reset\/\">\n\t\t\t<input type=\"hidden\" name=\"wppb_redirect_priority\" value>\n\t\t\t<input type=\"hidden\" name=\"wppb_referer_url\" value>\n\t\t\t<input type=\"hidden\" id=\"CSRFToken-wppb\" name=\"CSRFToken-wppb\" value=\"2ef012e416\"><input type=\"hidden\" name=\"_wp_http_referer\" value=\"\/sk\/wp-json\/wp\/v2\/pages\/15\">\n\t\t\t<input type=\"hidden\" name=\"wppb_redirect_check\" value=\"true\">\n\t\t\t\n\t\t<input type=\"hidden\" name=\"trp-form-language\" value=\"sk\"><\/form><p class=\"login-register-lost-password\"><a class=\"login-lost-password\" href=\"https:\/\/ozobot.cz\/index.php\/password-reset\/\">Zapomn\u011bl jsi heslo?<\/a><\/p><\/div>\n<\/div>\n\n\n\n<div style=\"height:30px\" aria-hidden=\"true\" class=\"wp-block-spacer\"><\/div>\n\n\n\n<div data-qllm-query-region=\"1\" class=\"wp-block-query is-layout-flow wp-block-query-is-layout-flow\"><ul class=\"wp-block-post-template is-layout-flow wp-block-post-template-is-layout-flow\"><li class=\"wp-block-post post-2298 post type-post status-publish format-standard has-post-thumbnail hentry category-text category-vyuka\">\n\n<div class=\"wp-block-columns alignwide is-layout-flex wp-container-core-columns-is-layout-28f84493 wp-block-columns-is-layout-flex\">\n<div class=\"wp-block-column is-layout-flow wp-block-column-is-layout-flow\" style=\"flex-basis:66.66%\"><figure class=\"wp-block-post-featured-image\"><a href=\"https:\/\/ozobot.cz\/sk\/metodika\/\" target=\"_self\"><img loading=\"lazy\" decoding=\"async\" width=\"1200\" height=\"600\" src=\"https:\/\/ozobot.cz\/wp-content\/uploads\/2025\/09\/metodika2.jpg\" class=\"attachment-post-thumbnail size-post-thumbnail wp-post-image\" alt=\"Metodick\u00e9 pl\u00e1ny pro u\u010ditele\" style=\"border-radius:16px;object-fit:cover;\" srcset=\"https:\/\/ozobot.cz\/wp-content\/uploads\/2025\/09\/metodika2.jpg 1200w, https:\/\/ozobot.cz\/wp-content\/uploads\/2025\/09\/metodika2-1024x512.jpg 1024w, https:\/\/ozobot.cz\/wp-content\/uploads\/2025\/09\/metodika2-768x384.jpg 768w, https:\/\/ozobot.cz\/wp-content\/uploads\/2025\/09\/metodika2-18x9.jpg 18w\" sizes=\"auto, (max-width: 1200px) 100vw, 1200px\"><\/a><\/figure><\/div>\n\n\n\n<div class=\"wp-block-column is-layout-flow wp-block-column-is-layout-flow\" style=\"flex-basis:33.33%\"><h3 class=\"wp-block-post-title\"><a href=\"https:\/\/ozobot.cz\/sk\/metodika\/\" target=\"_self\">Metodick\u00e9 pl\u00e1ny pro u\u010ditele<\/a><\/h3>\n\n<div class=\"wp-block-post-excerpt\"><p class=\"wp-block-post-excerpt__excerpt\">\ud83d\udd12 P\u0159\u00edstup pouze pro p\u0159ihl\u00e1\u0161en\u00e9 u\u017eivatele.<\/p><p class=\"wp-block-post-excerpt__more-text\"><a class=\"wp-block-post-excerpt__more-link\" href=\"https:\/\/ozobot.cz\/sk\/metodika\/\">P\u0159ej\u00edt do kapitoly\u2026<\/a><\/p><\/div><\/div>\n<\/div>\n\n\n\n<div style=\"height:60px\" aria-hidden=\"true\" class=\"wp-block-spacer\"><\/div>\n\n<\/li><li class=\"wp-block-post post-682 post type-post status-publish format-standard has-post-thumbnail hentry category-text category-vyuka\">\n\n<div class=\"wp-block-columns alignwide is-layout-flex wp-container-core-columns-is-layout-28f84493 wp-block-columns-is-layout-flex\">\n<div class=\"wp-block-column is-layout-flow wp-block-column-is-layout-flow\" style=\"flex-basis:66.66%\"><figure class=\"wp-block-post-featured-image\"><a href=\"https:\/\/ozobot.cz\/sk\/knihovna-ceskych-vyukovych-lekci-a-pracovnich-listu\/\" target=\"_self\"><img loading=\"lazy\" decoding=\"async\" width=\"1200\" height=\"600\" src=\"https:\/\/ozobot.cz\/wp-content\/uploads\/2025\/01\/listy.jpg\" class=\"attachment-post-thumbnail size-post-thumbnail wp-post-image\" alt=\"Knihovna \u010desk\u00fdch v\u00fdukov\u00fdch lekc\u00ed a pracovn\u00edch list\u016f\" style=\"border-radius:16px;object-fit:cover;\" srcset=\"https:\/\/ozobot.cz\/wp-content\/uploads\/2025\/01\/listy.jpg 1200w, https:\/\/ozobot.cz\/wp-content\/uploads\/2025\/01\/listy-300x150.jpg 300w, https:\/\/ozobot.cz\/wp-content\/uploads\/2025\/01\/listy-1024x512.jpg 1024w, https:\/\/ozobot.cz\/wp-content\/uploads\/2025\/01\/listy-768x384.jpg 768w\" sizes=\"auto, (max-width: 1200px) 100vw, 1200px\"><\/a><\/figure><\/div>\n\n\n\n<div class=\"wp-block-column is-layout-flow wp-block-column-is-layout-flow\" style=\"flex-basis:33.33%\"><h3 class=\"wp-block-post-title\"><a href=\"https:\/\/ozobot.cz\/sk\/knihovna-ceskych-vyukovych-lekci-a-pracovnich-listu\/\" target=\"_self\">Knihovna \u010desk\u00fdch v\u00fdukov\u00fdch lekc\u00ed a&nbsp;pracovn\u00edch list\u016f<\/a><\/h3>\n\n<div class=\"wp-block-post-excerpt\"><p class=\"wp-block-post-excerpt__excerpt\">\ud83d\udd12 P\u0159\u00edstup pouze pro p\u0159ihl\u00e1\u0161en\u00e9 u\u017eivatele.<\/p><p class=\"wp-block-post-excerpt__more-text\"><a class=\"wp-block-post-excerpt__more-link\" href=\"https:\/\/ozobot.cz\/sk\/knihovna-ceskych-vyukovych-lekci-a-pracovnich-listu\/\">P\u0159ej\u00edt do kapitoly\u2026<\/a><\/p><\/div><\/div>\n<\/div>\n\n\n\n<div style=\"height:60px\" aria-hidden=\"true\" class=\"wp-block-spacer\"><\/div>\n\n<\/li><li class=\"wp-block-post post-1784 post type-post status-publish format-standard has-post-thumbnail hentry category-text category-vyuka\">\n\n<div class=\"wp-block-columns alignwide is-layout-flex wp-container-core-columns-is-layout-28f84493 wp-block-columns-is-layout-flex\">\n<div class=\"wp-block-column is-layout-flow wp-block-column-is-layout-flow\" style=\"flex-basis:66.66%\"><figure class=\"wp-block-post-featured-image\"><a href=\"https:\/\/ozobot.cz\/sk\/webinare\/\" target=\"_self\"><img loading=\"lazy\" decoding=\"async\" width=\"2560\" height=\"1222\" src=\"https:\/\/ozobot.cz\/wp-content\/uploads\/2025\/06\/f7d23484-ozobot-stem-camp-post1-scaled-2.jpg\" class=\"attachment-post-thumbnail size-post-thumbnail wp-post-image\" alt=\"Webin\u00e1\u0159e\" style=\"border-radius:16px;object-fit:cover;\" srcset=\"https:\/\/ozobot.cz\/wp-content\/uploads\/2025\/06\/f7d23484-ozobot-stem-camp-post1-scaled-2.jpg 2560w, https:\/\/ozobot.cz\/wp-content\/uploads\/2025\/06\/f7d23484-ozobot-stem-camp-post1-scaled-2-1024x489.jpg 1024w, https:\/\/ozobot.cz\/wp-content\/uploads\/2025\/06\/f7d23484-ozobot-stem-camp-post1-scaled-2-2048x978.jpg 2048w, https:\/\/ozobot.cz\/wp-content\/uploads\/2025\/06\/f7d23484-ozobot-stem-camp-post1-scaled-2-768x367.jpg 768w, https:\/\/ozobot.cz\/wp-content\/uploads\/2025\/06\/f7d23484-ozobot-stem-camp-post1-scaled-2-1536x733.jpg 1536w\" sizes=\"auto, (max-width: 2560px) 100vw, 2560px\"><\/a><\/figure><\/div>\n\n\n\n<div class=\"wp-block-column is-layout-flow wp-block-column-is-layout-flow\" style=\"flex-basis:33.33%\"><h3 class=\"wp-block-post-title\"><a href=\"https:\/\/ozobot.cz\/sk\/webinare\/\" target=\"_self\">Webin\u00e1\u0159e<\/a><\/h3>\n\n<div class=\"wp-block-post-excerpt\"><p class=\"wp-block-post-excerpt__excerpt\">\ud83d\udd12 P\u0159\u00edstup pouze pro p\u0159ihl\u00e1\u0161en\u00e9 u\u017eivatele.<\/p><p class=\"wp-block-post-excerpt__more-text\"><a class=\"wp-block-post-excerpt__more-link\" href=\"https:\/\/ozobot.cz\/sk\/webinare\/\">P\u0159ej\u00edt do kapitoly\u2026<\/a><\/p><\/div><\/div>\n<\/div>\n\n\n\n<div style=\"height:60px\" aria-hidden=\"true\" class=\"wp-block-spacer\"><\/div>\n\n<\/li><li class=\"wp-block-post post-680 post type-post status-publish format-standard has-post-thumbnail hentry category-text category-vyuka\">\n\n<div class=\"wp-block-columns alignwide is-layout-flex wp-container-core-columns-is-layout-28f84493 wp-block-columns-is-layout-flex\">\n<div class=\"wp-block-column is-layout-flow wp-block-column-is-layout-flow\" style=\"flex-basis:66.66%\"><figure class=\"wp-block-post-featured-image\"><a href=\"https:\/\/ozobot.cz\/sk\/brozury-pro-ucitele-a-studenty\/\" target=\"_self\"><img loading=\"lazy\" decoding=\"async\" width=\"1200\" height=\"600\" src=\"https:\/\/ozobot.cz\/wp-content\/uploads\/2025\/01\/brozury.jpg\" class=\"attachment-post-thumbnail size-post-thumbnail wp-post-image\" alt=\"Ji\u017e brzy: Bro\u017eury Ozobot\" style=\"border-radius:16px;object-fit:cover;\" srcset=\"https:\/\/ozobot.cz\/wp-content\/uploads\/2025\/01\/brozury.jpg 1200w, https:\/\/ozobot.cz\/wp-content\/uploads\/2025\/01\/brozury-300x150.jpg 300w, https:\/\/ozobot.cz\/wp-content\/uploads\/2025\/01\/brozury-1024x512.jpg 1024w, https:\/\/ozobot.cz\/wp-content\/uploads\/2025\/01\/brozury-768x384.jpg 768w\" sizes=\"auto, (max-width: 1200px) 100vw, 1200px\"><\/a><\/figure><\/div>\n\n\n\n<div class=\"wp-block-column is-layout-flow wp-block-column-is-layout-flow\" style=\"flex-basis:33.33%\"><h3 class=\"wp-block-post-title\"><a href=\"https:\/\/ozobot.cz\/sk\/brozury-pro-ucitele-a-studenty\/\" target=\"_self\">Ji\u017e brzy: Bro\u017eury Ozobot<\/a><\/h3>\n\n<div class=\"wp-block-post-excerpt\"><p class=\"wp-block-post-excerpt__excerpt\">\ud83d\udd12 P\u0159\u00edstup pouze pro p\u0159ihl\u00e1\u0161en\u00e9 u\u017eivatele.<\/p><p class=\"wp-block-post-excerpt__more-text\"><a class=\"wp-block-post-excerpt__more-link\" href=\"https:\/\/ozobot.cz\/sk\/brozury-pro-ucitele-a-studenty\/\">P\u0159ej\u00edt do kapitoly\u2026<\/a><\/p><\/div><\/div>\n<\/div>\n\n\n\n<div style=\"height:60px\" aria-hidden=\"true\" class=\"wp-block-spacer\"><\/div>\n\n<\/li><li class=\"wp-block-post post-684 post type-post status-publish format-standard has-post-thumbnail hentry category-text category-vyuka\">\n\n<div class=\"wp-block-columns alignwide is-layout-flex wp-container-core-columns-is-layout-28f84493 wp-block-columns-is-layout-flex\">\n<div class=\"wp-block-column is-layout-flow wp-block-column-is-layout-flow\" style=\"flex-basis:66.66%\"><figure class=\"wp-block-post-featured-image\"><a href=\"https:\/\/ozobot.cz\/sk\/odkazy-na-dalsi-vyukove-materialy-mimo-nas-web\/\" target=\"_self\"><img loading=\"lazy\" decoding=\"async\" width=\"1200\" height=\"600\" src=\"https:\/\/ozobot.cz\/wp-content\/uploads\/2025\/01\/online2.jpg\" class=\"attachment-post-thumbnail size-post-thumbnail wp-post-image\" alt=\"Odkazy na dal\u0161\u00ed v\u00fdukov\u00e9 materi\u00e1ly mimo n\u00e1\u0161 web\" style=\"border-radius:16px;object-fit:cover;\" srcset=\"https:\/\/ozobot.cz\/wp-content\/uploads\/2025\/01\/online2.jpg 1200w, https:\/\/ozobot.cz\/wp-content\/uploads\/2025\/01\/online2-300x150.jpg 300w, https:\/\/ozobot.cz\/wp-content\/uploads\/2025\/01\/online2-1024x512.jpg 1024w, https:\/\/ozobot.cz\/wp-content\/uploads\/2025\/01\/online2-768x384.jpg 768w\" sizes=\"auto, (max-width: 1200px) 100vw, 1200px\"><\/a><\/figure><\/div>\n\n\n\n<div class=\"wp-block-column is-layout-flow wp-block-column-is-layout-flow\" style=\"flex-basis:33.33%\"><h3 class=\"wp-block-post-title\"><a href=\"https:\/\/ozobot.cz\/sk\/odkazy-na-dalsi-vyukove-materialy-mimo-nas-web\/\" target=\"_self\">Odkazy na dal\u0161\u00ed v\u00fdukov\u00e9 materi\u00e1ly mimo n\u00e1\u0161 web<\/a><\/h3>\n\n<div class=\"wp-block-post-excerpt\"><p class=\"wp-block-post-excerpt__excerpt\">\ud83d\udd12 P\u0159\u00edstup pouze pro p\u0159ihl\u00e1\u0161en\u00e9 u\u017eivatele.<\/p><p class=\"wp-block-post-excerpt__more-text\"><a class=\"wp-block-post-excerpt__more-link\" href=\"https:\/\/ozobot.cz\/sk\/odkazy-na-dalsi-vyukove-materialy-mimo-nas-web\/\">P\u0159ej\u00edt do kapitoly\u2026<\/a><\/p><\/div><\/div>\n<\/div>\n\n\n\n<div style=\"height:60px\" aria-hidden=\"true\" class=\"wp-block-spacer\"><\/div>\n\n<\/li><li class=\"wp-block-post post-686 post type-post status-publish format-standard has-post-thumbnail hentry category-faq category-faq-vyuka category-text category-vyuka\">\n\n<div class=\"wp-block-columns alignwide is-layout-flex wp-container-core-columns-is-layout-28f84493 wp-block-columns-is-layout-flex\">\n<div class=\"wp-block-column is-layout-flow wp-block-column-is-layout-flow\" style=\"flex-basis:66.66%\"><figure class=\"wp-block-post-featured-image\"><a href=\"https:\/\/ozobot.cz\/sk\/video-obsah-s-ceskymi-titulky\/\" target=\"_self\"><img loading=\"lazy\" decoding=\"async\" width=\"1200\" height=\"600\" src=\"https:\/\/ozobot.cz\/wp-content\/uploads\/2025\/01\/cestina.jpg\" class=\"attachment-post-thumbnail size-post-thumbnail wp-post-image\" alt=\"Video obsah s \u010desk\u00fdmi titulky\" style=\"border-radius:16px;object-fit:cover;\" srcset=\"https:\/\/ozobot.cz\/wp-content\/uploads\/2025\/01\/cestina.jpg 1200w, https:\/\/ozobot.cz\/wp-content\/uploads\/2025\/01\/cestina-300x150.jpg 300w, https:\/\/ozobot.cz\/wp-content\/uploads\/2025\/01\/cestina-1024x512.jpg 1024w, https:\/\/ozobot.cz\/wp-content\/uploads\/2025\/01\/cestina-768x384.jpg 768w\" sizes=\"auto, (max-width: 1200px) 100vw, 1200px\"><\/a><\/figure><\/div>\n\n\n\n<div class=\"wp-block-column is-layout-flow wp-block-column-is-layout-flow\" style=\"flex-basis:33.33%\"><h3 class=\"wp-block-post-title\"><a href=\"https:\/\/ozobot.cz\/sk\/video-obsah-s-ceskymi-titulky\/\" target=\"_self\">Video obsah s&nbsp;\u010desk\u00fdmi titulky<\/a><\/h3>\n\n<div class=\"wp-block-post-excerpt\"><p class=\"wp-block-post-excerpt__excerpt\">Pokud angli\u010dtina nen\u00ed va\u0161\u00ed silnou str\u00e1nkou, vyu\u017eijte mo\u017enost automatick\u00e9ho generovan\u00ed \u010desk\u00fdch titulk\u016f pro YouTube videa. N\u00e1vod, jak titulky\u2026<\/p><p class=\"wp-block-post-excerpt__more-text\"><a class=\"wp-block-post-excerpt__more-link\" href=\"https:\/\/ozobot.cz\/sk\/video-obsah-s-ceskymi-titulky\/\">P\u0159ej\u00edt do kapitoly\u2026<\/a><\/p><\/div><\/div>\n<\/div>\n\n\n\n<div style=\"height:60px\" aria-hidden=\"true\" class=\"wp-block-spacer\"><\/div>\n\n<\/li><\/ul><\/div>\n\n\n\n<p><\/p>","protected":false},"excerpt":{"rendered":"<p>Podpo\u0159te svou v\u00fduku zaj\u00edmav\u00fdmi projekty a&nbsp;rafinovan\u00fdmi \u00fakoly, kter\u00e9 mohou d\u011bti s&nbsp;robotem plnit. P\u0159ihl\u00e1\u0161en\u00fdm u\u017eivatel\u016fm jsou k&nbsp;dispozici ucelen\u00e9 bro\u017eury, pracovn\u00ed listy nebo t\u0159eba 3D printy. V\u0161em u\u017eivatel\u016fm tedy doporu\u010dujeme se zaregistrovat.<\/p>","protected":false},"author":1,"featured_media":710,"parent":0,"menu_order":0,"comment_status":"closed","ping_status":"closed","template":"","meta":{"wp_typography_post_enhancements_disabled":false,"footnotes":""},"categories":[],"tags":[],"class_list":["post-15","page","type-page","status-publish","has-post-thumbnail","hentry"],"_links":{"self":[{"href":"https:\/\/ozobot.cz\/sk\/wp-json\/wp\/v2\/pages\/15","targetHints":{"allow":["GET"]}}],"collection":[{"href":"https:\/\/ozobot.cz\/sk\/wp-json\/wp\/v2\/pages"}],"about":[{"href":"https:\/\/ozobot.cz\/sk\/wp-json\/wp\/v2\/types\/page"}],"author":[{"embeddable":true,"href":"https:\/\/ozobot.cz\/sk\/wp-json\/wp\/v2\/users\/1"}],"replies":[{"embeddable":true,"href":"https:\/\/ozobot.cz\/sk\/wp-json\/wp\/v2\/comments?post=15"}],"version-history":[{"count":30,"href":"https:\/\/ozobot.cz\/sk\/wp-json\/wp\/v2\/pages\/15\/revisions"}],"predecessor-version":[{"id":2337,"href":"https:\/\/ozobot.cz\/sk\/wp-json\/wp\/v2\/pages\/15\/revisions\/2337"}],"wp:featuredmedia":[{"embeddable":true,"href":"https:\/\/ozobot.cz\/sk\/wp-json\/wp\/v2\/media\/710"}],"wp:attachment":[{"href":"https:\/\/ozobot.cz\/sk\/wp-json\/wp\/v2\/media?parent=15"}],"wp:term":[{"taxonomy":"category","embeddable":true,"href":"https:\/\/ozobot.cz\/sk\/wp-json\/wp\/v2\/categories?post=15"},{"taxonomy":"post_tag","embeddable":true,"href":"https:\/\/ozobot.cz\/sk\/wp-json\/wp\/v2\/tags?post=15"}],"curies":[{"name":"wp","href":"https:\/\/api.w.org\/{rel}","templated":true}]}}