{"id":1303,"date":"2025-04-24T17:46:30","date_gmt":"2025-04-24T15:46:30","guid":{"rendered":"https:\/\/ozobot.cz\/?page_id=1303"},"modified":"2026-01-21T21:08:00","modified_gmt":"2026-01-21T20:08:00","slug":"vitejte-ve-svete-neposedneho-robota","status":"publish","type":"page","link":"https:\/\/ozobot.cz\/sk\/","title":{"rendered":"Vitajte vo svete neposedn\u00e9ho robota"},"content":{"rendered":"<div class=\"wp-block-group has-base-color has-tertiary-background-color has-text-color has-background has-link-color wp-elements-fb1adba1c79c181d854c68c869d12f1f is-vertical is-content-justification-right is-layout-flex wp-container-core-group-is-layout-1a9aee9e wp-block-group-is-layout-flex\" style=\"border-radius:16px;margin-top:var(--wp--preset--spacing--30);margin-bottom:var(--wp--preset--spacing--30);padding-top:var(--wp--preset--spacing--30);padding-right:var(--wp--preset--spacing--30);padding-bottom:var(--wp--preset--spacing--30);padding-left:var(--wp--preset--spacing--30);background-image:url('https:\/\/ozobot.cz\/wp-content\/uploads\/2025\/09\/box-skoleni-1.png');background-position:51% 63%;background-size:cover;background-attachment:scroll;\">\n<h3 class=\"wp-block-heading has-text-align-right has-lato-font-family\" style=\"font-style:normal;font-weight:900\">P\u0159ipraveno pro \u010desk\u00e9 \u0161koly<\/h3>\n\n\n\n<div class=\"wp-block-columns is-layout-flex wp-container-core-columns-is-layout-28f84493 wp-block-columns-is-layout-flex\">\n<div class=\"wp-block-column is-layout-flow wp-block-column-is-layout-flow\" style=\"flex-basis:50%\"><\/div>\n\n\n\n<div class=\"wp-block-column is-layout-flow wp-block-column-is-layout-flow\" style=\"flex-basis:50%\">\n<p class=\"has-text-align-right\" style=\"font-size:clamp(0.984rem, 0.984rem + ((1vw - 0.2rem) * 0.938), 1.5rem);\">V\u00fdukov\u00e9 listy Ozobot vych\u00e1zej\u00edc\u00ed z&nbsp;mezin\u00e1rodn\u00edch akademick\u00fdch standard\u016f jsme nav\u00e1zali na RVP ZV, aby se snadno pou\u017e\u00edvaly v&nbsp;\u010desk\u00fdch \u0161kol\u00e1ch.<\/p>\n<\/div>\n<\/div>\n\n\n\n<div class=\"wp-block-buttons is-layout-flex wp-block-buttons-is-layout-flex\">\n<div class=\"wp-block-button is-style-outline with-text-color with-background-color is-style-outline--1 core-button core-button-69f2c638dc866\"><a class=\"wp-block-button__link has-base-color has-text-color has-link-color wp-element-button\" href=\"https:\/\/ozobot.cz\/sk\/knihovna-ceskych-vyukovych-lekci-a-pracovnich-listu\/\" style=\"border-radius:16px\">Zjistit v\u00edce<\/a><\/div>\n<\/div>\n<\/div>\n\n\n\n<div class=\"wp-block-columns is-layout-flex wp-container-core-columns-is-layout-28f84493 wp-block-columns-is-layout-flex\">\n<div class=\"wp-block-column has-custom-grey-text-color has-base-background-color has-text-color has-background has-link-color wp-elements-aaf017a8acc02df33e6b32ceae6ec501 is-layout-flow wp-block-column-is-layout-flow\" style=\"border-radius:16px;padding-top:var(--wp--preset--spacing--30);padding-right:var(--wp--preset--spacing--30);padding-bottom:var(--wp--preset--spacing--30);padding-left:var(--wp--preset--spacing--30);flex-basis:50%\">\n<h3 class=\"wp-block-heading has-lato-font-family\" style=\"font-style:normal;font-weight:900\">Vitajte vo svete neposedn\u00e9ho robota<\/h3>\n\n\n\n<p>R\u00e1di byste p\u0159it\u00e1hli d\u011bti k&nbsp;informatice a&nbsp;z\u00e1klad\u016fm programov\u00e1n\u00ed? Pomohli jim porozum\u011bt \u0161irok\u00e9 \u0161k\u00e1le mezioborov\u00fdch t\u00e9mat a&nbsp;nau\u010dit je \u0159e\u0161en\u00ed v\u00fdzev, kter\u00e9 vyu\u017eij\u00ed i&nbsp;v&nbsp;re\u00e1ln\u00e9m \u017eivot\u011b? P\u0159ipravte je na budoucnost a&nbsp;vybavte d\u016fle\u017eit\u00fdmi dovednostmi nejen z&nbsp;oblasti technologie spolu s&nbsp;Ozobotem.<\/p>\n\n\n\n<div class=\"wp-block-buttons is-layout-flex wp-block-buttons-is-layout-flex\">\n<div class=\"wp-block-button is-style-outline with-text-color with-background-color is-style-outline--2 core-button core-button-69f2c638dd0ab\"><a class=\"wp-block-button__link has-custom-grey-text-color has-text-color has-link-color wp-element-button\" href=\"https:\/\/ozobot.cz\/index.php\/procozobot\/\" style=\"border-radius:16px\">Pre\u010do Ozobot?<\/a><\/div>\n<\/div>\n<\/div>\n\n\n\n<div class=\"wp-block-column is-layout-flow wp-block-column-is-layout-flow\">\n<div class=\"wp-block-group has-base-color has-custom-pink-background-color has-text-color has-background has-link-color wp-elements-9717a83aa36421b701c037c42bafbe10 is-vertical is-layout-flex wp-container-core-group-is-layout-274f5b33 wp-block-group-is-layout-flex\" style=\"border-radius:16px;padding-top:var(--wp--preset--spacing--30);padding-right:var(--wp--preset--spacing--30);padding-bottom:var(--wp--preset--spacing--30);padding-left:var(--wp--preset--spacing--30)\">\n<h3 class=\"wp-block-heading has-base-color has-text-color has-link-color wp-elements-4a92e7bbaf4486c403c83fd9935546b0\" style=\"font-style:normal;font-weight:900\">3, 2, 1\u2026 Start! <br>Ako to cel\u00e9 funguje?<\/h3>\n\n\n\n<ul class=\"wp-block-list\">\n<li class=\"has-base-color has-text-color has-link-color wp-elements-47d762802d957ca55dc57a3216376755\">Dve mo\u017enosti programovania \u2013 farebn\u00e9 k\u00f3dy alebo blokov\u00e9 programovanie<\/li>\n\n\n\n<li class=\"has-base-color has-text-color has-link-color wp-elements-208de15d71648ba56099bc0be9e59dad\">Ide\u00e1ln\u00ed pro STEAM vzd\u011bl\u00e1v\u00e1n\u00ed \u2013 podpora kreativity, logiky a&nbsp;technick\u00e9ho my\u0161len\u00ed<\/li>\n\n\n\n<li class=\"has-base-color has-text-color has-link-color wp-elements-f4eca4d03a4b3755756d517ea9a36d7a\">Skv\u011bl\u00e9 pro mal\u00e9 i&nbsp;velk\u00e9 \u2013 postupn\u011b objevov\u00e1n\u00ed mo\u017enost\u00ed<\/li>\n<\/ul>\n\n\n\n<div class=\"wp-block-buttons is-layout-flex wp-block-buttons-is-layout-flex\">\n<div class=\"wp-block-button is-style-outline with-text-color with-background-color is-style-outline--3 core-button core-button-69f2c638dd717\"><a class=\"wp-block-button__link has-base-color has-text-color has-link-color wp-element-button\" href=\"https:\/\/ozobot.cz\/index.php\/jak-to-funguje\/\" style=\"border-radius:16px\">Ako to funguje<\/a><\/div>\n<\/div>\n<\/div>\n<\/div>\n<\/div>\n\n\n\n<div class=\"wp-block-columns is-layout-flex wp-container-core-columns-is-layout-28f84493 wp-block-columns-is-layout-flex\">\n<div class=\"wp-block-column has-base-color has-custom-purple-2-background-color has-text-color has-background has-link-color wp-elements-4c6111f75bb69a866fd2c42080c30898 is-layout-flow wp-block-column-is-layout-flow\" style=\"border-radius:16px;padding-top:var(--wp--preset--spacing--30);padding-right:var(--wp--preset--spacing--30);padding-bottom:var(--wp--preset--spacing--30);padding-left:var(--wp--preset--spacing--30);flex-basis:40%\">\n<h3 class=\"wp-block-heading\" style=\"font-style:normal;font-weight:900\">Produkty a&nbsp;p\u0159\u00edslu\u0161enstv\u00ed<\/h3>\n\n\n\n<p>Vybavte se pro hravou a&nbsp;efektivn\u00ed v\u00fduku. Krom\u011b Ozobot\u016f najdete i&nbsp;speci\u00e1ln\u00ed STEAM sady a&nbsp;p\u0159\u00edslu\u0161enstv\u00ed.<\/p>\n\n\n\n<div class=\"wp-block-buttons is-layout-flex wp-block-buttons-is-layout-flex\">\n<div class=\"wp-block-button is-style-outline with-text-color with-background-color is-style-outline--4 core-button core-button-69f2c638ddd9e\"><a class=\"wp-block-button__link has-base-color has-text-color has-link-color wp-element-button\" href=\"https:\/\/ozobot.cz\/index.php\/produkty\/\" style=\"border-radius:16px\">Pozrie\u0165 produkty<\/a><\/div>\n<\/div>\n<\/div>\n\n\n\n<div class=\"wp-block-column has-custom-grey-text-color has-text-color has-link-color wp-elements-024be9da372f240c0c1033cb41e4ca52 is-layout-flow wp-block-column-is-layout-flow\">\n<div class=\"wp-block-group has-custom-grey-text-color has-base-background-color has-text-color has-background has-link-color wp-elements-60847e3187644005fe4e5d85c60a9b23 is-vertical is-layout-flex wp-container-core-group-is-layout-73670418 wp-block-group-is-layout-flex\" style=\"border-radius:16px;padding-top:var(--wp--preset--spacing--30);padding-right:var(--wp--preset--spacing--30);padding-bottom:var(--wp--preset--spacing--30);padding-left:var(--wp--preset--spacing--30)\">\n<h3 class=\"wp-block-heading has-custom-orange-color has-text-color has-link-color wp-elements-7b92f9e7ec28e84c1443b2c2f945bcd9\" style=\"font-style:normal;font-weight:900\">Ozobot komunita a&nbsp;podpora pre pedag\u00f3gov<\/h3>\n\n\n\n<p class=\"has-custom-orange-color has-text-color has-link-color wp-elements-b46b90e090844ccea3e07447da58fae1\">Zapojte se do rostouc\u00ed komunity pedagog\u016f, kte\u0159\u00ed se d\u011bl\u00ed o&nbsp;tipy a&nbsp;n\u00e1pady. Vyu\u017eijte p\u0159ipraven\u00e9 u\u010debn\u00ed pl\u00e1ny, kurzy a&nbsp;webin\u00e1\u0159e.<\/p>\n\n\n\n<div class=\"wp-block-buttons is-layout-flex wp-block-buttons-is-layout-flex\">\n<div class=\"wp-block-button is-style-outline with-text-color with-background-color is-style-outline--5 core-button core-button-69f2c638de35f\"><a class=\"wp-block-button__link has-custom-orange-color has-text-color has-link-color wp-element-button\" href=\"https:\/\/ozobot.cz\/index.php\/ozobotlab\/\" style=\"border-radius:16px\">Vst\u00fapi\u0165 do komunity<\/a><\/div>\n<\/div>\n<\/div>\n<\/div>\n<\/div>\n\n\n\n<div class=\"wp-block-group has-base-color has-custom-teal-link-background-color has-text-color has-background has-link-color wp-elements-194a33fed059f6f823749fcee858929d is-vertical is-layout-flex wp-container-core-group-is-layout-00993786 wp-block-group-is-layout-flex\" style=\"border-radius:16px;margin-top:var(--wp--preset--spacing--30);margin-bottom:var(--wp--preset--spacing--30);padding-top:var(--wp--preset--spacing--30);padding-right:var(--wp--preset--spacing--30);padding-bottom:var(--wp--preset--spacing--30);padding-left:var(--wp--preset--spacing--30)\">\n<h3 class=\"wp-block-heading\" style=\"font-style:normal;font-weight:900\">OzoBlog<\/h3>\n\n\n\n<p style=\"font-size:clamp(0.984rem, 0.984rem + ((1vw - 0.2rem) * 0.938), 1.5rem);\">\u010ct\u011bte nejnov\u011bj\u0161\u00ed \u010dl\u00e1nky, inspirujte se rozhovory, nenechte si uj\u00edt novinky s&nbsp;Ozobotem!<\/p>\n\n\n\n<div data-qllm-query-region=\"1\" class=\"wp-block-query is-layout-flow wp-block-query-is-layout-flow\"><ul class=\"wp-block-post-template is-layout-flow wp-block-post-template-is-layout-flow\"><li class=\"wp-block-post post-2461 post type-post status-publish format-standard has-post-thumbnail hentry category-blog\">\n\n<div class=\"wp-block-columns alignwide is-layout-flex wp-container-core-columns-is-layout-28f84493 wp-block-columns-is-layout-flex\">\n<div class=\"wp-block-column is-layout-flow wp-block-column-is-layout-flow\" style=\"flex-basis:40%\"><figure class=\"wp-block-post-featured-image\"><a href=\"https:\/\/ozobot.cz\/sk\/jak-aktualizovat-ozobot-ari-podrobny-navod-jak-povolit-pripojeni-pres-bluetooth-bez-nutnosti-wi-fi\/\" target=\"_self\"><img loading=\"lazy\" decoding=\"async\" width=\"1200\" height=\"1000\" src=\"https:\/\/ozobot.cz\/wp-content\/uploads\/2025\/07\/daa67ca1-ozobot-blockly-steam-coding-ari-1.jpg\" class=\"attachment-post-thumbnail size-post-thumbnail wp-post-image\" alt=\"Jak aktualizovat Ozobot Ari: Podrobn\u00fd n\u00e1vod, jak povolit p\u0159ipojen\u00ed p\u0159es Bluetooth \u2013 bez nutnosti Wi-Fi\" style=\"border-radius:16px;object-fit:cover;\" srcset=\"https:\/\/ozobot.cz\/wp-content\/uploads\/2025\/07\/daa67ca1-ozobot-blockly-steam-coding-ari-1.jpg 1200w, https:\/\/ozobot.cz\/wp-content\/uploads\/2025\/07\/daa67ca1-ozobot-blockly-steam-coding-ari-1-1024x853.jpg 1024w, https:\/\/ozobot.cz\/wp-content\/uploads\/2025\/07\/daa67ca1-ozobot-blockly-steam-coding-ari-1-768x640.jpg 768w\" sizes=\"auto, (max-width: 1200px) 100vw, 1200px\"><\/a><\/figure><\/div>\n\n\n\n<div class=\"wp-block-column is-layout-flow wp-block-column-is-layout-flow\" style=\"flex-basis:60%\"><h4 class=\"wp-block-post-title\"><a href=\"https:\/\/ozobot.cz\/sk\/jak-aktualizovat-ozobot-ari-podrobny-navod-jak-povolit-pripojeni-pres-bluetooth-bez-nutnosti-wi-fi\/\" target=\"_self\">Jak aktualizovat Ozobot Ari: Podrobn\u00fd n\u00e1vod, jak povolit p\u0159ipojen\u00ed p\u0159es Bluetooth \u2013 bez nutnosti Wi-Fi<\/a><\/h4>\n\n<div class=\"wp-block-post-excerpt\"><p class=\"wp-block-post-excerpt__excerpt\">Mnoho \u0161kol \u010del\u00ed p\u0159\u00edsn\u00fdm omezen\u00edm Wi-Fi, kter\u00e1 mohou zt\u011b\u017eovat p\u0159ipojen\u00ed technologi\u00ed ve t\u0159\u00edd\u011b. D\u00edky nejnov\u011bj\u0161\u00ed aktualizaci Ozobot Ari mohou nyn\u00ed u\u010ditel\u00e9 p\u0159ipojit Ari p\u0159\u00edmo\u2026 <a class=\"wp-block-post-excerpt__more-link\" href=\"https:\/\/ozobot.cz\/sk\/jak-aktualizovat-ozobot-ari-podrobny-navod-jak-povolit-pripojeni-pres-bluetooth-bez-nutnosti-wi-fi\/\">\u010c\u00edst d\u00e1l<\/a><\/p><\/div><\/div>\n<\/div>\n\n<\/li><li class=\"wp-block-post post-2452 post type-post status-publish format-standard has-post-thumbnail hentry category-blog\">\n\n<div class=\"wp-block-columns alignwide is-layout-flex wp-container-core-columns-is-layout-28f84493 wp-block-columns-is-layout-flex\">\n<div class=\"wp-block-column is-layout-flow wp-block-column-is-layout-flow\" style=\"flex-basis:40%\"><figure class=\"wp-block-post-featured-image\"><a href=\"https:\/\/ozobot.cz\/sk\/nechte-se-inspirovat-breznovym-vyberem-lekci\/\" target=\"_self\"><img loading=\"lazy\" decoding=\"async\" width=\"2000\" height=\"1125\" src=\"https:\/\/ozobot.cz\/wp-content\/uploads\/2026\/02\/eca5ce2e-26-feb-spotlight-horizontal-thumbnail.jpg\" class=\"attachment-post-thumbnail size-post-thumbnail wp-post-image\" alt=\"Nechte se inspirovat b\u0159eznov\u00fdm v\u00fdb\u011brem lekc\u00ed\" style=\"border-radius:16px;object-fit:cover;\" srcset=\"https:\/\/ozobot.cz\/wp-content\/uploads\/2026\/02\/eca5ce2e-26-feb-spotlight-horizontal-thumbnail.jpg 2000w, https:\/\/ozobot.cz\/wp-content\/uploads\/2026\/02\/eca5ce2e-26-feb-spotlight-horizontal-thumbnail-1024x576.jpg 1024w, https:\/\/ozobot.cz\/wp-content\/uploads\/2026\/02\/eca5ce2e-26-feb-spotlight-horizontal-thumbnail-768x432.jpg 768w, https:\/\/ozobot.cz\/wp-content\/uploads\/2026\/02\/eca5ce2e-26-feb-spotlight-horizontal-thumbnail-1536x864.jpg 1536w, https:\/\/ozobot.cz\/wp-content\/uploads\/2026\/02\/eca5ce2e-26-feb-spotlight-horizontal-thumbnail-18x10.jpg 18w\" sizes=\"auto, (max-width: 2000px) 100vw, 2000px\"><\/a><\/figure><\/div>\n\n\n\n<div class=\"wp-block-column is-layout-flow wp-block-column-is-layout-flow\" style=\"flex-basis:60%\"><h4 class=\"wp-block-post-title\"><a href=\"https:\/\/ozobot.cz\/sk\/nechte-se-inspirovat-breznovym-vyberem-lekci\/\" target=\"_self\">Nechte se inspirovat b\u0159eznov\u00fdm v\u00fdb\u011brem lekc\u00ed<\/a><\/h4>\n\n<div class=\"wp-block-post-excerpt\"><p class=\"wp-block-post-excerpt__excerpt\">B\u0159ezen p\u0159in\u00e1\u0161\u00ed \u0159adu zaj\u00edmav\u00fdch sv\u00e1tk\u016f a&nbsp;podn\u011btn\u00fdch t\u00e9mat \u2013 v\u00edt\u00e1me jaro, p\u0159ipom\u00edn\u00e1me si Sv\u011btov\u00fd den divok\u00e9 p\u0159\u00edrody, Den sv. Patrika i&nbsp;Mezin\u00e1rodn\u00ed den \u017een.\u2026 <a class=\"wp-block-post-excerpt__more-link\" href=\"https:\/\/ozobot.cz\/sk\/nechte-se-inspirovat-breznovym-vyberem-lekci\/\">\u010c\u00edst d\u00e1l<\/a><\/p><\/div><\/div>\n<\/div>\n\n<\/li><li class=\"wp-block-post post-2436 post type-post status-publish format-standard has-post-thumbnail hentry category-blog\">\n\n<div class=\"wp-block-columns alignwide is-layout-flex wp-container-core-columns-is-layout-28f84493 wp-block-columns-is-layout-flex\">\n<div class=\"wp-block-column is-layout-flow wp-block-column-is-layout-flow\" style=\"flex-basis:40%\"><figure class=\"wp-block-post-featured-image\"><a href=\"https:\/\/ozobot.cz\/sk\/nominace-ozobota-na-prestizni-bett-award-2026-za-modul-vyuky-ai\/\" target=\"_self\"><img loading=\"lazy\" decoding=\"async\" width=\"2050\" height=\"1000\" src=\"https:\/\/ozobot.cz\/wp-content\/uploads\/2026\/01\/Navrh-bez-nazvu-29.png\" class=\"attachment-post-thumbnail size-post-thumbnail wp-post-image\" alt=\"Nominace Ozobota na presti\u017en\u00ed BETT Award 2026 za modul v\u00fduky AI\" style=\"border-radius:16px;object-fit:cover;\" srcset=\"https:\/\/ozobot.cz\/wp-content\/uploads\/2026\/01\/Navrh-bez-nazvu-29.png 2050w, https:\/\/ozobot.cz\/wp-content\/uploads\/2026\/01\/Navrh-bez-nazvu-29-1024x500.png 1024w, https:\/\/ozobot.cz\/wp-content\/uploads\/2026\/01\/Navrh-bez-nazvu-29-2048x999.png 2048w, https:\/\/ozobot.cz\/wp-content\/uploads\/2026\/01\/Navrh-bez-nazvu-29-768x375.png 768w, https:\/\/ozobot.cz\/wp-content\/uploads\/2026\/01\/Navrh-bez-nazvu-29-1536x749.png 1536w, https:\/\/ozobot.cz\/wp-content\/uploads\/2026\/01\/Navrh-bez-nazvu-29-18x9.png 18w\" sizes=\"auto, (max-width: 2050px) 100vw, 2050px\"><\/a><\/figure><\/div>\n\n\n\n<div class=\"wp-block-column is-layout-flow wp-block-column-is-layout-flow\" style=\"flex-basis:60%\"><h4 class=\"wp-block-post-title\"><a href=\"https:\/\/ozobot.cz\/sk\/nominace-ozobota-na-prestizni-bett-award-2026-za-modul-vyuky-ai\/\" target=\"_self\">Nominace Ozobota na presti\u017en\u00ed BETT Award 2026 za modul v\u00fduky AI<\/a><\/h4>\n\n<div class=\"wp-block-post-excerpt\"><p class=\"wp-block-post-excerpt__excerpt\">V oblasti eduka\u010dn\u00edch technologi\u00ed p\u0159ich\u00e1z\u00ed skv\u011bl\u00e1 zpr\u00e1va pro Ozobot\u00ed komunitu \u2014&nbsp;Ozobot AI Lesson Module&nbsp;byl za\u0159azen mezi nominovan\u00e9 finalisty pro&nbsp;BETT Awards 2026&nbsp;v&nbsp;kategorii&nbsp;Free Digital Content,\u2026 <a class=\"wp-block-post-excerpt__more-link\" href=\"https:\/\/ozobot.cz\/sk\/nominace-ozobota-na-prestizni-bett-award-2026-za-modul-vyuky-ai\/\">\u010c\u00edst d\u00e1l<\/a><\/p><\/div><\/div>\n<\/div>\n\n<\/li><li class=\"wp-block-post post-2417 post type-post status-publish format-standard has-post-thumbnail hentry category-blog\">\n\n<div class=\"wp-block-columns alignwide is-layout-flex wp-container-core-columns-is-layout-28f84493 wp-block-columns-is-layout-flex\">\n<div class=\"wp-block-column is-layout-flow wp-block-column-is-layout-flow\" style=\"flex-basis:40%\"><figure class=\"wp-block-post-featured-image\"><a href=\"https:\/\/ozobot.cz\/sk\/vanocni-inspirace-edukativni-hracky-ktere-rozvijeji-detskou-mysl-od-predskolaku-az-po-teenagery\/\" target=\"_self\"><img loading=\"lazy\" decoding=\"async\" width=\"2560\" height=\"1708\" src=\"https:\/\/ozobot.cz\/wp-content\/uploads\/2025\/12\/httpswww.easystore.czvyrobcehidratespark-2-scaled.png\" class=\"attachment-post-thumbnail size-post-thumbnail wp-post-image\" alt=\"V\u00e1no\u010dn\u00ed inspirace: edukativn\u00ed hra\u010dky, kter\u00e9 rozv\u00edjej\u00ed d\u011btskou mysl od p\u0159ed\u0161kol\u00e1k\u016f a\u017e po teenagery\" style=\"border-radius:16px;object-fit:cover;\" srcset=\"https:\/\/ozobot.cz\/wp-content\/uploads\/2025\/12\/httpswww.easystore.czvyrobcehidratespark-2-scaled.png 2560w, https:\/\/ozobot.cz\/wp-content\/uploads\/2025\/12\/httpswww.easystore.czvyrobcehidratespark-2-1024x683.png 1024w, https:\/\/ozobot.cz\/wp-content\/uploads\/2025\/12\/httpswww.easystore.czvyrobcehidratespark-2-2048x1366.png 2048w, https:\/\/ozobot.cz\/wp-content\/uploads\/2025\/12\/httpswww.easystore.czvyrobcehidratespark-2-768x512.png 768w, https:\/\/ozobot.cz\/wp-content\/uploads\/2025\/12\/httpswww.easystore.czvyrobcehidratespark-2-1536x1025.png 1536w, https:\/\/ozobot.cz\/wp-content\/uploads\/2025\/12\/httpswww.easystore.czvyrobcehidratespark-2-18x12.png 18w\" sizes=\"auto, (max-width: 2560px) 100vw, 2560px\"><\/a><\/figure><\/div>\n\n\n\n<div class=\"wp-block-column is-layout-flow wp-block-column-is-layout-flow\" style=\"flex-basis:60%\"><h4 class=\"wp-block-post-title\"><a href=\"https:\/\/ozobot.cz\/sk\/vanocni-inspirace-edukativni-hracky-ktere-rozvijeji-detskou-mysl-od-predskolaku-az-po-teenagery\/\" target=\"_self\">V\u00e1no\u010dn\u00ed inspirace: edukativn\u00ed hra\u010dky, kter\u00e9 rozv\u00edjej\u00ed d\u011btskou mysl od p\u0159ed\u0161kol\u00e1k\u016f a\u017e po teenagery<\/a><\/h4>\n\n<div class=\"wp-block-post-excerpt\"><p class=\"wp-block-post-excerpt__excerpt\">Na Ozobot.cz se dlouhodob\u011b zam\u011b\u0159ujeme p\u0159edev\u0161\u00edm na vzd\u011bl\u00e1v\u00e1n\u00ed d\u011bt\u00ed prost\u0159ednictv\u00edm technologi\u00ed a&nbsp;hrav\u00e9ho programov\u00e1n\u00ed. Ozobot je pro n\u00e1s st\u011b\u017eejn\u00ed n\u00e1stroj, proto\u017ee umo\u017e\u0148uje d\u011btem r\u016fst,\u2026 <a class=\"wp-block-post-excerpt__more-link\" href=\"https:\/\/ozobot.cz\/sk\/vanocni-inspirace-edukativni-hracky-ktere-rozvijeji-detskou-mysl-od-predskolaku-az-po-teenagery\/\">\u010c\u00edst d\u00e1l<\/a><\/p><\/div><\/div>\n<\/div>\n\n<\/li><\/ul><\/div>\n\n\n\n<div class=\"wp-block-buttons is-layout-flex wp-block-buttons-is-layout-flex\">\n<div class=\"wp-block-button is-style-outline with-text-color with-background-color is-style-outline--6 core-button core-button-69f2c638e9f2c\"><a class=\"wp-block-button__link has-custom-violet-2-background-color has-background wp-element-button\" href=\"https:\/\/ozobot.cz\/index.php\/ozoblog\/\" style=\"border-radius:16px\">Otev\u0159\u00edt Ozoblog<\/a><\/div>\n<\/div>\n<\/div>\n\n\n\n<div style=\"height:60px\" aria-hidden=\"true\" class=\"wp-block-spacer\"><\/div>\n\n\n\n<p><\/p>","protected":false},"excerpt":{"rendered":"<p>P\u0159ipraveno pro \u010desk\u00e9 \u0161koly V\u00fdukov\u00e9 listy Ozobot vych\u00e1zej\u00edc\u00ed z mezin\u00e1rodn\u00edch akademick\u00fdch standard\u016f jsme nav\u00e1zali na RVP ZV, aby se snadno pou\u017e\u00edvaly v \u010desk\u00fdch \u0161kol\u00e1ch. V\u00edtejte ve sv\u011bt\u011b neposedn\u00e9ho robota R\u00e1di byste p\u0159it\u00e1hli d\u011bti k informatice a z\u00e1klad\u016fm programov\u00e1n\u00ed? Pomohli jim porozum\u011bt \u0161irok\u00e9 \u0161k\u00e1le mezioborov\u00fdch t\u00e9mat a nau\u010dit je \u0159e\u0161en\u00ed v\u00fdzev, kter\u00e9 vyu\u017eij\u00ed i&nbsp;v&nbsp;re\u00e1ln\u00e9m \u017eivot\u011b? P\u0159ipravte [&hellip;]<\/p>\n","protected":false},"author":1,"featured_media":302,"parent":0,"menu_order":0,"comment_status":"closed","ping_status":"closed","template":"wp-custom-template-no-title-page","meta":{"wp_typography_post_enhancements_disabled":false,"footnotes":""},"categories":[],"tags":[],"class_list":["post-1303","page","type-page","status-publish","has-post-thumbnail","hentry"],"_links":{"self":[{"href":"https:\/\/ozobot.cz\/sk\/wp-json\/wp\/v2\/pages\/1303","targetHints":{"allow":["GET"]}}],"collection":[{"href":"https:\/\/ozobot.cz\/sk\/wp-json\/wp\/v2\/pages"}],"about":[{"href":"https:\/\/ozobot.cz\/sk\/wp-json\/wp\/v2\/types\/page"}],"author":[{"embeddable":true,"href":"https:\/\/ozobot.cz\/sk\/wp-json\/wp\/v2\/users\/1"}],"replies":[{"embeddable":true,"href":"https:\/\/ozobot.cz\/sk\/wp-json\/wp\/v2\/comments?post=1303"}],"version-history":[{"count":55,"href":"https:\/\/ozobot.cz\/sk\/wp-json\/wp\/v2\/pages\/1303\/revisions"}],"predecessor-version":[{"id":2460,"href":"https:\/\/ozobot.cz\/sk\/wp-json\/wp\/v2\/pages\/1303\/revisions\/2460"}],"wp:featuredmedia":[{"embeddable":true,"href":"https:\/\/ozobot.cz\/sk\/wp-json\/wp\/v2\/media\/302"}],"wp:attachment":[{"href":"https:\/\/ozobot.cz\/sk\/wp-json\/wp\/v2\/media?parent=1303"}],"wp:term":[{"taxonomy":"category","embeddable":true,"href":"https:\/\/ozobot.cz\/sk\/wp-json\/wp\/v2\/categories?post=1303"},{"taxonomy":"post_tag","embeddable":true,"href":"https:\/\/ozobot.cz\/sk\/wp-json\/wp\/v2\/tags?post=1303"}],"curies":[{"name":"wp","href":"https:\/\/api.w.org\/{rel}","templated":true}]}}